{"id":219243,"date":"2024-08-15T09:00:35","date_gmt":"2024-08-15T13:00:35","guid":{"rendered":"https:\/\/b9989974f8.nxcli.io\/treatments\/shockwave-therapy\/"},"modified":"2024-08-23T10:31:03","modified_gmt":"2024-08-23T14:31:03","slug":"therapie-par-ondes-de-choc","status":"publish","type":"page","link":"https:\/\/anatomyphysioclinic.com\/fr\/treatments\/therapie-par-ondes-de-choc\/","title":{"rendered":"Th\u00e9rapie par ondes de choc"},"content":{"rendered":"\n<div class=\"wp-block-group\" style=\"padding-top:40px;padding-right:40px;padding-bottom:40px;padding-left:40px\"><div class=\"wp-block-group__inner-container is-layout-constrained wp-container-core-group-is-layout-c1ab20b5 wp-block-group-is-layout-constrained\">\n<p>La th\u00e9rapie par ondes de choc est un traitement s\u00fbr et non invasif pour de nombreux dysfonctionnements tendineux et musculaires. Il s\u2019agit d\u2019un outil qui applique des ondes de pression acoustiques sur la zone bless\u00e9e, cr\u00e9ant une r\u00e9ponse inflammatoire locale pour stimuler et acc\u00e9l\u00e9rer la gu\u00e9rison cellulaire. Il augmente \u00e9galement le flux sanguin vers la zone bless\u00e9e et dissout les calcifications.<\/p>\n\n\n<div class=\"wp-block-image is-style-rounded\">\n<figure class=\"alignright size-full\"><img loading=\"lazy\" decoding=\"async\" width=\"500\" height=\"500\" src=\"https:\/\/anatomyphysioclinic.com\/wp-content\/uploads\/2024\/08\/anatomy-physiotherapy-clinic-orleans-st-laurent-westboro-stittsville-shockwave.jpg\" alt=\"anatomy-physiotherapy-clinic-orleans-st-laurent-westboro-stittsville\" class=\"wp-image-219220\" srcset=\"https:\/\/anatomyphysioclinic.com\/wp-content\/uploads\/2024\/08\/anatomy-physiotherapy-clinic-orleans-st-laurent-westboro-stittsville-shockwave.jpg 500w, https:\/\/anatomyphysioclinic.com\/wp-content\/uploads\/2024\/08\/anatomy-physiotherapy-clinic-orleans-st-laurent-westboro-stittsville-shockwave-300x300.jpg 300w, https:\/\/anatomyphysioclinic.com\/wp-content\/uploads\/2024\/08\/anatomy-physiotherapy-clinic-orleans-st-laurent-westboro-stittsville-shockwave-150x150.jpg 150w\" sizes=\"auto, (max-width: 500px) 100vw, 500px\" \/><\/figure>\n<\/div>\n\n\n<p>La th\u00e9rapie par ondes de choc s\u2019est av\u00e9r\u00e9e efficace pour une multitude de conditions, y compris (mais sans s\u2019y limiter):<\/p>\n\n\n<div class=\"custom-bullet\"><ul>\n<li>\u00c9picondylalgie lat\u00e9rale (tennis elbow)<\/li>\n<li>Tendinopathie rotulienne (genou du sauteur)<\/li>\n<li>Tendinite de l\u2019\u00e9paule et tendinopathies<\/li>\n<li>Tendinite calcique<\/li>\n<li>Tendinite d\u2019Achille et tendinopathies<\/li>\n<li>Fasciite plantaire<\/li>\n<li>Points de d\u00e9clenchement myofasciaux<\/li>\n<li>Hallux rigidus (gros orteil raide)<\/li>\n<li>Bursite<\/li>\n<li>Syndrome de douleur trochant\u00e9rienne majeure<\/li>\n<li>\u00c9perons de talon<\/li>\n<li>Doigt de d\u00e9clenchement<\/li>\n<\/ul>\n<\/div>\n\n\n<div style=\"height:15px\" aria-hidden=\"true\" class=\"wp-block-spacer\"><\/div>\n\n\n\n<p>Lors de votre premier rendez-vous pour une th\u00e9rapie par ondes de choc, votre physioth\u00e9rapeute effectuera une \u00e9valuation d\u00e9taill\u00e9e pour d\u00e9terminer si l\u2019onde de choc serait un traitement appropri\u00e9 pour vous. Si vous \u00eates un candidat appropri\u00e9, votre physioth\u00e9rapeute administrera ensuite le traitement, qui durera lui-m\u00eame environ 3 \u00e0 5 minutes. Il est courant de ressentir une l\u00e9g\u00e8re douleur ou un inconfort pendant le traitement, et l\u2019intensit\u00e9 de l\u2019onde de choc sera ajust\u00e9e en cons\u00e9quence. Le but du traitement \u00e9tant de favoriser la gu\u00e9rison en stimulant une r\u00e9ponse inflammatoire locale, certaines personnes peuvent ressentir une l\u00e9g\u00e8re douleur, une rougeur et un gonflement sur la zone trait\u00e9e pendant environ 24 heures apr\u00e8s le traitement. Le reste de votre s\u00e9ance de traitement consistera en une combinaison de th\u00e9rapie manuelle et d\u2019exercices de rattrapage pour renforcer les effets de l\u2019onde de choc.<\/p>\n\n\n\n<p>Le nombre exact de s\u00e9ances requises d\u00e9pendra de la nature de la blessure et de la r\u00e9ponse individuelle au traitement par ondes de choc. La plupart des gens peuvent s\u2019attendre \u00e0 remarquer un changement dans les 3 \u00e0 6 s\u00e9ances. Comme la th\u00e9rapie par ondes de choc a un effet cumulatif, plus d\u2019un traitement est g\u00e9n\u00e9ralement n\u00e9cessaire pour fournir un soulagement plus durable.<\/p>\n\n\n\n<p><strong><a href=\"https:\/\/anatomyphysioclinic.com\/fr\/demander-un-rendez-vous\/\">Contactez la Clinique de Physioth\u00e9rapie d\u2019Anatomie pour un rendez-vous et pour savoir comment cette forme de traitement peut \u00eatre en mesure de soutenir votre bien-\u00eatre optimal.<\/a><\/strong><\/p>\n<\/div><\/div>\n\n\n\n<div class=\"wp-block-group\" style=\"padding-top:var(--wp--preset--spacing--60);padding-right:var(--wp--preset--spacing--60);padding-bottom:var(--wp--preset--spacing--60);padding-left:var(--wp--preset--spacing--60)\"><div class=\"wp-block-group__inner-container is-layout-constrained wp-container-core-group-is-layout-afb388fb wp-block-group-is-layout-constrained\">\n<h3 class=\"wp-block-heading has-secondary-color has-text-color has-link-color wp-elements-67a1d6f4711937312bc3db5fb844e75b\" style=\"text-transform:uppercase\">Call us today!<\/h3>\n\n\n\n<div class=\"wp-block-columns is-layout-flex wp-container-core-columns-is-layout-9d6595d7 wp-block-columns-is-layout-flex\">\n<div class=\"wp-block-column is-layout-flow wp-block-column-is-layout-flow\"><div class=\"custom-bullet\"><ul class=\"wp-block-list\">\n<li><strong>Orl\u00e9ans clinic at <a href=\"tel:6138011573\">(613) 801-1573<\/a><\/strong><\/li>\n<li><strong>St. Laurent clinic at <a href=\"tel:6138013688\">(613) 801-3688<\/a><\/strong><\/li>\n<\/ul>\n<\/div><\/div>\n\n\n\n<div class=\"wp-block-column is-layout-flow wp-block-column-is-layout-flow\"><div class=\"custom-bullet\"><ul>\n<li><strong>Westboro clinic at\u00a0<a href=\"tel:6139098871\">(613) 909-8871<\/a><\/strong><\/li>\n<li><strong>Stittsville clinic at\u00a0<a href=\"tel:6138012619\">(613) 801-2619<\/a><\/strong><\/li>\n<\/ul>\n<\/div><\/div>\n<\/div>\n<\/div><\/div>\n\n\n<section class=\"appointment-steps-section\"><div class=\"container\"><h3>Vos prochaines \u00e9tapes\u2026<\/h3><div class=\"appointment-steps-wrapper\"><ol class=\"appointment-steps-listing\"><li class=\"appointment-steps-item\"><p>Demander un rendez-vous<\/p><\/li><li class=\"appointment-steps-item\"><p>Recevez un plan de traitement personnalis\u00e9<\/p><\/li><li class=\"appointment-steps-item\"><p>Travaillez dur et progressez dans votre r\u00e9tablissement<\/p><\/li><li class=\"appointment-steps-item\"><p>R\u00e9cup\u00e9rez et profitez de la vie sans douleur\u00a0!<\/p><\/li><\/ol><svg xmlns=\"http:\/\/www.w3.org\/2000\/svg\" width=\"255\" height=\"300\" viewBox=\"0 0 255 300\"> <path role=\"presentation\" d=\"M219.014,300a9.53,9.53,0,0,1-5.528-1.723l-26.356-18.4a9.532,9.532,0,1,1,10.958-15.6l12.06,8.419V19.047H9.523A9.523,9.523,0,0,1,9.523,0H219.729a9.523,9.523,0,0,1,9.523,9.523s0,.01,0,.015,0,.01,0,.015v262.2l10.716-7.481a9.533,9.533,0,1,1,10.958,15.6l-24.579,17.159A11.387,11.387,0,0,1,219.1,300Z\"\/> <\/svg><\/div><\/div><div class=\"appointment-block has-media\" style=\"background-image: url(https:\/\/anatomyphysioclinic.com\/wp-content\/uploads\/2024\/08\/anatomy-physiotherapy-clinic-orleans-st-laurent-westboro-stittsville.jpg)\"><div class=\"container\"><div class=\"appointment-block-wrapper\"><h4>SURFEZ SUR LA VAGUE VERS LA R\u00c9CUP\u00c9RATION COMMENCEZ AUJOURD\u2019HUI!<\/h4><div class=\"appointment-button\"><a href=\"https:\/\/anatomyphysioclinic.com\/fr\/demander-un-rendez-vous\/\" target=\"_self\" role=\"button\" aria-label=\"Demander un rendez-vous\" class=\"btn\">Demander un rendez-vous<\/a><\/div><\/div><\/div><\/div><\/section>\n","protected":false},"excerpt":{"rendered":"<p>La th\u00e9rapie par ondes de choc est un traitement s\u00fbr et non invasif pour de nombreux dysfonctionnements tendineux et musculaires. Il s\u2019agit d\u2019un outil qui applique des ondes de pression acoustiques sur la zone bless\u00e9e, cr\u00e9ant une r\u00e9ponse inflammatoire locale pour stimuler et acc\u00e9l\u00e9rer la gu\u00e9rison cellulaire. Il augmente \u00e9galement le flux sanguin vers la&hellip; <a class=\"more-link\" href=\"https:\/\/anatomyphysioclinic.com\/fr\/treatments\/therapie-par-ondes-de-choc\/\">Continue reading <span class=\"screen-reader-text\">Th\u00e9rapie par ondes de choc<\/span><\/a><\/p>\n","protected":false},"author":1,"featured_media":219218,"parent":219126,"menu_order":0,"comment_status":"closed","ping_status":"closed","template":"template\/page-fullwidth.php","meta":{"_acf_changed":false,"footnotes":""},"class_list":["post-219243","page","type-page","status-publish","has-post-thumbnail","hentry","entry"],"acf":[],"yoast_head":"<!-- This site is optimized with the Yoast SEO plugin v27.5 - https:\/\/yoast.com\/product\/yoast-seo-wordpress\/ -->\n<title>Shockwave Therapy in Orl\u00e9ans, Ottawa, &amp; Stittsville, ON<\/title>\n<meta name=\"description\" content=\"Experience effective Shockwave Therapy at Anatomy Physiotherapy Clinic in Orl\u00e9ans, Ottawa, &amp; Stittsville, ON for faster healing and pain relief.\" \/>\n<meta name=\"robots\" content=\"index, follow, max-snippet:-1, max-image-preview:large, max-video-preview:-1\" \/>\n<link rel=\"canonical\" href=\"https:\/\/anatomyphysioclinic.com\/fr\/treatments\/therapie-par-ondes-de-choc\/\" \/>\n<meta property=\"og:locale\" content=\"fr_FR\" \/>\n<meta property=\"og:type\" content=\"article\" \/>\n<meta property=\"og:title\" content=\"Shockwave Therapy in Orl\u00e9ans, Ottawa, &amp; Stittsville, ON\" \/>\n<meta property=\"og:description\" content=\"Experience effective Shockwave Therapy at Anatomy Physiotherapy Clinic in Orl\u00e9ans, Ottawa, &amp; Stittsville, ON for faster healing and pain relief.\" \/>\n<meta property=\"og:url\" content=\"https:\/\/anatomyphysioclinic.com\/fr\/treatments\/therapie-par-ondes-de-choc\/\" \/>\n<meta property=\"og:site_name\" content=\"Anatomy Physiotherapy\" \/>\n<meta property=\"article:modified_time\" content=\"2024-08-23T14:31:03+00:00\" \/>\n<meta property=\"og:image\" content=\"https:\/\/anatomyphysioclinic.com\/wp-content\/uploads\/2024\/08\/anatomy-physiotherapy-clinic-orleans-st-laurent-westboro-stittsville-shockwave-1280x500-1.jpg\" \/>\n\t<meta property=\"og:image:width\" content=\"1280\" \/>\n\t<meta property=\"og:image:height\" content=\"500\" \/>\n\t<meta property=\"og:image:type\" content=\"image\/jpeg\" \/>\n<meta name=\"twitter:card\" content=\"summary_large_image\" \/>\n<meta name=\"twitter:label1\" content=\"Est. reading time\" \/>\n\t<meta name=\"twitter:data1\" content=\"3 minutes\" \/>\n<script type=\"application\/ld+json\" class=\"yoast-schema-graph\">{\"@context\":\"https:\\\/\\\/schema.org\",\"@graph\":[{\"@type\":\"WebPage\",\"@id\":\"https:\\\/\\\/anatomyphysioclinic.com\\\/fr\\\/treatments\\\/therapie-par-ondes-de-choc\\\/\",\"url\":\"https:\\\/\\\/anatomyphysioclinic.com\\\/fr\\\/treatments\\\/therapie-par-ondes-de-choc\\\/\",\"name\":\"Shockwave Therapy in Orl\u00e9ans, Ottawa, & Stittsville, ON\",\"isPartOf\":{\"@id\":\"https:\\\/\\\/anatomyphysioclinic.com\\\/fr\\\/#website\"},\"primaryImageOfPage\":{\"@id\":\"https:\\\/\\\/anatomyphysioclinic.com\\\/fr\\\/treatments\\\/therapie-par-ondes-de-choc\\\/#primaryimage\"},\"image\":{\"@id\":\"https:\\\/\\\/anatomyphysioclinic.com\\\/fr\\\/treatments\\\/therapie-par-ondes-de-choc\\\/#primaryimage\"},\"thumbnailUrl\":\"https:\\\/\\\/anatomyphysioclinic.com\\\/wp-content\\\/uploads\\\/2024\\\/08\\\/anatomy-physiotherapy-clinic-orleans-st-laurent-westboro-stittsville-shockwave-1280x500-1.jpg\",\"datePublished\":\"2024-08-15T13:00:35+00:00\",\"dateModified\":\"2024-08-23T14:31:03+00:00\",\"description\":\"Experience effective Shockwave Therapy at Anatomy Physiotherapy Clinic in Orl\u00e9ans, Ottawa, & Stittsville, ON for faster healing and pain relief.\",\"breadcrumb\":{\"@id\":\"https:\\\/\\\/anatomyphysioclinic.com\\\/fr\\\/treatments\\\/therapie-par-ondes-de-choc\\\/#breadcrumb\"},\"inLanguage\":\"fr-FR\",\"potentialAction\":[{\"@type\":\"ReadAction\",\"target\":[\"https:\\\/\\\/anatomyphysioclinic.com\\\/fr\\\/treatments\\\/therapie-par-ondes-de-choc\\\/\"]}]},{\"@type\":\"ImageObject\",\"inLanguage\":\"fr-FR\",\"@id\":\"https:\\\/\\\/anatomyphysioclinic.com\\\/fr\\\/treatments\\\/therapie-par-ondes-de-choc\\\/#primaryimage\",\"url\":\"https:\\\/\\\/anatomyphysioclinic.com\\\/wp-content\\\/uploads\\\/2024\\\/08\\\/anatomy-physiotherapy-clinic-orleans-st-laurent-westboro-stittsville-shockwave-1280x500-1.jpg\",\"contentUrl\":\"https:\\\/\\\/anatomyphysioclinic.com\\\/wp-content\\\/uploads\\\/2024\\\/08\\\/anatomy-physiotherapy-clinic-orleans-st-laurent-westboro-stittsville-shockwave-1280x500-1.jpg\",\"width\":1280,\"height\":500,\"caption\":\"anatomy-physiotherapy-clinic-orleans-st-laurent-westboro-stittsville\"},{\"@type\":\"BreadcrumbList\",\"@id\":\"https:\\\/\\\/anatomyphysioclinic.com\\\/fr\\\/treatments\\\/therapie-par-ondes-de-choc\\\/#breadcrumb\",\"itemListElement\":[{\"@type\":\"ListItem\",\"position\":1,\"name\":\"Home\",\"item\":\"https:\\\/\\\/anatomyphysioclinic.com\\\/fr\\\/\"},{\"@type\":\"ListItem\",\"position\":2,\"name\":\"Physioth\u00e9rapie\",\"item\":\"https:\\\/\\\/anatomyphysioclinic.com\\\/fr\\\/treatments\\\/\"},{\"@type\":\"ListItem\",\"position\":3,\"name\":\"Th\u00e9rapie par ondes de choc\"}]},{\"@type\":\"WebSite\",\"@id\":\"https:\\\/\\\/anatomyphysioclinic.com\\\/fr\\\/#website\",\"url\":\"https:\\\/\\\/anatomyphysioclinic.com\\\/fr\\\/\",\"name\":\"Anatomy Physiotherapy\",\"description\":\"\",\"publisher\":{\"@id\":\"https:\\\/\\\/anatomyphysioclinic.com\\\/fr\\\/#organization\"},\"potentialAction\":[{\"@type\":\"SearchAction\",\"target\":{\"@type\":\"EntryPoint\",\"urlTemplate\":\"https:\\\/\\\/anatomyphysioclinic.com\\\/fr\\\/?s={search_term_string}\"},\"query-input\":{\"@type\":\"PropertyValueSpecification\",\"valueRequired\":true,\"valueName\":\"search_term_string\"}}],\"inLanguage\":\"fr-FR\"},{\"@type\":\"Organization\",\"@id\":\"https:\\\/\\\/anatomyphysioclinic.com\\\/fr\\\/#organization\",\"name\":\"Anatomy Physiotherapy\",\"url\":\"https:\\\/\\\/anatomyphysioclinic.com\\\/fr\\\/\",\"logo\":{\"@type\":\"ImageObject\",\"inLanguage\":\"fr-FR\",\"@id\":\"https:\\\/\\\/anatomyphysioclinic.com\\\/fr\\\/#\\\/schema\\\/logo\\\/image\\\/\",\"url\":\"https:\\\/\\\/anatomyphysioclinic.com\\\/wp-content\\\/uploads\\\/2024\\\/08\\\/Anatomy-Physiotherapy-Clinic-Logo-3.png\",\"contentUrl\":\"https:\\\/\\\/anatomyphysioclinic.com\\\/wp-content\\\/uploads\\\/2024\\\/08\\\/Anatomy-Physiotherapy-Clinic-Logo-3.png\",\"width\":400,\"height\":102,\"caption\":\"Anatomy Physiotherapy\"},\"image\":{\"@id\":\"https:\\\/\\\/anatomyphysioclinic.com\\\/fr\\\/#\\\/schema\\\/logo\\\/image\\\/\"}}]}<\/script>\n<!-- \/ Yoast SEO plugin. -->","yoast_head_json":{"title":"Shockwave Therapy in Orl\u00e9ans, Ottawa, & Stittsville, ON","description":"Experience effective Shockwave Therapy at Anatomy Physiotherapy Clinic in Orl\u00e9ans, Ottawa, & Stittsville, ON for faster healing and pain relief.","robots":{"index":"index","follow":"follow","max-snippet":"max-snippet:-1","max-image-preview":"max-image-preview:large","max-video-preview":"max-video-preview:-1"},"canonical":"https:\/\/anatomyphysioclinic.com\/fr\/treatments\/therapie-par-ondes-de-choc\/","og_locale":"fr_FR","og_type":"article","og_title":"Shockwave Therapy in Orl\u00e9ans, Ottawa, & Stittsville, ON","og_description":"Experience effective Shockwave Therapy at Anatomy Physiotherapy Clinic in Orl\u00e9ans, Ottawa, & Stittsville, ON for faster healing and pain relief.","og_url":"https:\/\/anatomyphysioclinic.com\/fr\/treatments\/therapie-par-ondes-de-choc\/","og_site_name":"Anatomy Physiotherapy","article_modified_time":"2024-08-23T14:31:03+00:00","og_image":[{"width":1280,"height":500,"url":"https:\/\/anatomyphysioclinic.com\/wp-content\/uploads\/2024\/08\/anatomy-physiotherapy-clinic-orleans-st-laurent-westboro-stittsville-shockwave-1280x500-1.jpg","type":"image\/jpeg"}],"twitter_card":"summary_large_image","twitter_misc":{"Est. reading time":"3 minutes"},"schema":{"@context":"https:\/\/schema.org","@graph":[{"@type":"WebPage","@id":"https:\/\/anatomyphysioclinic.com\/fr\/treatments\/therapie-par-ondes-de-choc\/","url":"https:\/\/anatomyphysioclinic.com\/fr\/treatments\/therapie-par-ondes-de-choc\/","name":"Shockwave Therapy in Orl\u00e9ans, Ottawa, & Stittsville, ON","isPartOf":{"@id":"https:\/\/anatomyphysioclinic.com\/fr\/#website"},"primaryImageOfPage":{"@id":"https:\/\/anatomyphysioclinic.com\/fr\/treatments\/therapie-par-ondes-de-choc\/#primaryimage"},"image":{"@id":"https:\/\/anatomyphysioclinic.com\/fr\/treatments\/therapie-par-ondes-de-choc\/#primaryimage"},"thumbnailUrl":"https:\/\/anatomyphysioclinic.com\/wp-content\/uploads\/2024\/08\/anatomy-physiotherapy-clinic-orleans-st-laurent-westboro-stittsville-shockwave-1280x500-1.jpg","datePublished":"2024-08-15T13:00:35+00:00","dateModified":"2024-08-23T14:31:03+00:00","description":"Experience effective Shockwave Therapy at Anatomy Physiotherapy Clinic in Orl\u00e9ans, Ottawa, & Stittsville, ON for faster healing and pain relief.","breadcrumb":{"@id":"https:\/\/anatomyphysioclinic.com\/fr\/treatments\/therapie-par-ondes-de-choc\/#breadcrumb"},"inLanguage":"fr-FR","potentialAction":[{"@type":"ReadAction","target":["https:\/\/anatomyphysioclinic.com\/fr\/treatments\/therapie-par-ondes-de-choc\/"]}]},{"@type":"ImageObject","inLanguage":"fr-FR","@id":"https:\/\/anatomyphysioclinic.com\/fr\/treatments\/therapie-par-ondes-de-choc\/#primaryimage","url":"https:\/\/anatomyphysioclinic.com\/wp-content\/uploads\/2024\/08\/anatomy-physiotherapy-clinic-orleans-st-laurent-westboro-stittsville-shockwave-1280x500-1.jpg","contentUrl":"https:\/\/anatomyphysioclinic.com\/wp-content\/uploads\/2024\/08\/anatomy-physiotherapy-clinic-orleans-st-laurent-westboro-stittsville-shockwave-1280x500-1.jpg","width":1280,"height":500,"caption":"anatomy-physiotherapy-clinic-orleans-st-laurent-westboro-stittsville"},{"@type":"BreadcrumbList","@id":"https:\/\/anatomyphysioclinic.com\/fr\/treatments\/therapie-par-ondes-de-choc\/#breadcrumb","itemListElement":[{"@type":"ListItem","position":1,"name":"Home","item":"https:\/\/anatomyphysioclinic.com\/fr\/"},{"@type":"ListItem","position":2,"name":"Physioth\u00e9rapie","item":"https:\/\/anatomyphysioclinic.com\/fr\/treatments\/"},{"@type":"ListItem","position":3,"name":"Th\u00e9rapie par ondes de choc"}]},{"@type":"WebSite","@id":"https:\/\/anatomyphysioclinic.com\/fr\/#website","url":"https:\/\/anatomyphysioclinic.com\/fr\/","name":"Anatomy Physiotherapy","description":"","publisher":{"@id":"https:\/\/anatomyphysioclinic.com\/fr\/#organization"},"potentialAction":[{"@type":"SearchAction","target":{"@type":"EntryPoint","urlTemplate":"https:\/\/anatomyphysioclinic.com\/fr\/?s={search_term_string}"},"query-input":{"@type":"PropertyValueSpecification","valueRequired":true,"valueName":"search_term_string"}}],"inLanguage":"fr-FR"},{"@type":"Organization","@id":"https:\/\/anatomyphysioclinic.com\/fr\/#organization","name":"Anatomy Physiotherapy","url":"https:\/\/anatomyphysioclinic.com\/fr\/","logo":{"@type":"ImageObject","inLanguage":"fr-FR","@id":"https:\/\/anatomyphysioclinic.com\/fr\/#\/schema\/logo\/image\/","url":"https:\/\/anatomyphysioclinic.com\/wp-content\/uploads\/2024\/08\/Anatomy-Physiotherapy-Clinic-Logo-3.png","contentUrl":"https:\/\/anatomyphysioclinic.com\/wp-content\/uploads\/2024\/08\/Anatomy-Physiotherapy-Clinic-Logo-3.png","width":400,"height":102,"caption":"Anatomy Physiotherapy"},"image":{"@id":"https:\/\/anatomyphysioclinic.com\/fr\/#\/schema\/logo\/image\/"}}]}},"_links":{"self":[{"href":"https:\/\/anatomyphysioclinic.com\/fr\/wp-json\/wp\/v2\/pages\/219243","targetHints":{"allow":["GET"]}}],"collection":[{"href":"https:\/\/anatomyphysioclinic.com\/fr\/wp-json\/wp\/v2\/pages"}],"about":[{"href":"https:\/\/anatomyphysioclinic.com\/fr\/wp-json\/wp\/v2\/types\/page"}],"author":[{"embeddable":true,"href":"https:\/\/anatomyphysioclinic.com\/fr\/wp-json\/wp\/v2\/users\/1"}],"replies":[{"embeddable":true,"href":"https:\/\/anatomyphysioclinic.com\/fr\/wp-json\/wp\/v2\/comments?post=219243"}],"version-history":[{"count":0,"href":"https:\/\/anatomyphysioclinic.com\/fr\/wp-json\/wp\/v2\/pages\/219243\/revisions"}],"up":[{"embeddable":true,"href":"https:\/\/anatomyphysioclinic.com\/fr\/wp-json\/wp\/v2\/pages\/219126"}],"wp:featuredmedia":[{"embeddable":true,"href":"https:\/\/anatomyphysioclinic.com\/fr\/wp-json\/wp\/v2\/media\/219218"}],"wp:attachment":[{"href":"https:\/\/anatomyphysioclinic.com\/fr\/wp-json\/wp\/v2\/media?parent=219243"}],"curies":[{"name":"wp","href":"https:\/\/api.w.org\/{rel}","templated":true}]}}