{"id":219098,"date":"2020-12-14T09:54:47","date_gmt":"2020-12-14T09:54:47","guid":{"rendered":"https:\/\/b9989974f8.nxcli.io\/massage-therapy\/"},"modified":"2024-08-16T14:34:31","modified_gmt":"2024-08-16T18:34:31","slug":"massotherapie","status":"publish","type":"page","link":"https:\/\/anatomyphysioclinic.com\/fr\/massotherapie\/","title":{"rendered":"Massoth\u00e9rapie"},"content":{"rendered":"\n<div class=\"wp-block-group\" style=\"padding-top:0px;padding-right:0px;padding-bottom:40px;padding-left:0px\"><div class=\"wp-block-group__inner-container is-layout-constrained wp-container-core-group-is-layout-ab6301fd wp-block-group-is-layout-constrained\">\n<h2 class=\"wp-block-heading\">Qu&rsquo;est-ce que la massoth\u00e9rapie?<\/h2>\n\n\n\n<p>La massoth\u00e9rapie est couramment utilis\u00e9e pour aider ceux dont les muscles peuvent avoir connu de longues p\u00e9riodes de surutilisation. Il aide \u00e0 desserrer les zones \u00e9troites et \u00e0 rendre la r\u00e9cup\u00e9ration plus rapide et plus facile. Demandez un rendez-vous \u00e0 la clinique de physioth\u00e9rapie d&rsquo;anatomie d\u00e8s aujourd&rsquo;hui pour savoir si la massoth\u00e9rapie peut vous aider!<\/p>\n\n\n\n<h3 class=\"wp-block-heading\" style=\"text-transform:uppercase\">Vos tissus mous et vous:<\/h3>\n\n\n\n<p>Vos muscles sont constitu\u00e9s de nombreuses petites fibres fines qui se contractent sur commande, travaillant ensemble pour mobiliser vos groupes musculaires. Ces muscles sont attach\u00e9s \u00e0 vos os par des tissus conjonctifs, appel\u00e9s tendons, leur permettant de d\u00e9placer les parties de votre corps. Vos os sont ensuite reli\u00e9s par des bandes r\u00e9sistantes de tissu conjonctif, appel\u00e9es ligaments, pour une stabilit\u00e9 accrue. Vos ligaments sont couverts par un autre tissu conjonctif appel\u00e9 fascia. Tous ces tissus conjonctifs peuvent \u00eatre appel\u00e9s \u00abtissus mous\u00bb.<\/p>\n\n\n\n<p>Les tissus mous aident \u00e0 mobiliser vos articulations et donnent \u00e0 votre corps la force dont il a besoin pour effectuer des t\u00e2ches. Vos tissus mous vous permettent de faire de nombreuses choses; cependant, ils vous emp\u00eachent \u00e9galement de vous pousser trop loin &#8211; m\u00eame si c&rsquo;est votre intention. Ceux-ci peuvent \u00eatre endommag\u00e9s par certains stress, en particulier ceux caus\u00e9s par les actions r\u00e9p\u00e9t\u00e9es au sein de l&rsquo;activit\u00e9 sportive. La massoth\u00e9rapie peut aider \u00e0 d\u00e9tendre vos muscles et peut m\u00eame emp\u00eacher de futures blessures.<\/p>\n<\/div><\/div>\n\n\n\n<div class=\"wp-block-group\" style=\"padding-top:40px;padding-right:0px;padding-bottom:40px;padding-left:0px\"><div class=\"wp-block-group__inner-container is-layout-constrained wp-container-core-group-is-layout-7a8a5ae0 wp-block-group-is-layout-constrained\">\n<h2 class=\"wp-block-heading\">Comment la massoth\u00e9rapie am\u00e9liorera votre vie:<\/h2>\n\n\n\n<p>La massoth\u00e9rapie peut \u00e0 nouveau \u00eatre extr\u00eamement b\u00e9n\u00e9fique pour les gens. Un th\u00e9rapeute d&rsquo;Ottawa peut recommander des types sp\u00e9cifiques de massage pour compl\u00e9ter vos traitements de physioth\u00e9rapie, notamment:<\/p>\n\n\n<div class=\"custom-bullet\"><ul>\n<li><strong>Massage des tissus profonds.<\/strong> Ce type de massage d\u00e9tend vos muscles et leurs tissus conjonctifs.<\/li>\n<li><strong>Lib\u00e9ration myofasciale.<\/strong> Ce type de massage cr\u00e9e de la place pour les tissus qui peuvent \u00eatre pi\u00e9g\u00e9s par des distorsions ou des adh\u00e9rences fasciales, les lib\u00e9rant de la constriction.<\/li>\n<\/ul>\n<\/div>\n\n\n<p>La massoth\u00e9rapie favorise la gu\u00e9rison des tissus, de sorte que vous pouvez reprendre votre vie le plus rapidement possible. En travaillant pour mobiliser, rel\u00e2cher et d\u00e9tendre vos muscles, vous pouvez les aider \u00e0 rester souples. Cela diminuera votre risque de futures foulures, entorses et ruptures.<\/p>\n\n\n\n<p>Vos tissus mous travaillent dur pour s&rsquo;assurer que votre corps fonctionne correctement, il est donc important d&rsquo;aider \u00e0 optimiser leur sant\u00e9 et leur fonction. Si vous \u00eates \u00e0 Ottawa \u00e0 la recherche d&rsquo;un massoth\u00e9rapeute, demandez un rendez-vous \u00e0 Anatomy Physiotherapy Clinic.<\/p>\n<\/div><\/div>\n\n\n\n<div class=\"wp-block-group\" style=\"padding-top:40px;padding-right:0px;padding-bottom:40px;padding-left:0px\"><div class=\"wp-block-group__inner-container is-layout-constrained wp-container-core-group-is-layout-7a8a5ae0 wp-block-group-is-layout-constrained\">\n<h5 class=\"wp-block-heading\">Sources:<\/h5>\n\n\n\n<ul class=\"wp-block-list\">\n<li><a href=\"https:\/\/www.health.harvard.edu\/alternative-and-complementary-medicine\/therapeutic-massage-for-pain-relief\">https:\/\/www.health.harvard.edu\/alternative-and-complementary-medicine\/therapeutic-massage-for-pain-relief<\/a><\/li>\n\n\n\n<li><a href=\"https:\/\/www.mayoclinic.org\/healthy-lifestyle\/stress-management\/in-depth\/massage\/art-20045743\">https:\/\/www.mayoclinic.org\/healthy-lifestyle\/stress-management\/in-depth\/massage\/art-20045743<\/a><\/li>\n<\/ul>\n<\/div><\/div>\n","protected":false},"excerpt":{"rendered":"<p>Qu&rsquo;est-ce que la massoth\u00e9rapie? La massoth\u00e9rapie est couramment utilis\u00e9e pour aider ceux dont les muscles peuvent avoir connu de longues p\u00e9riodes de surutilisation. Il aide \u00e0 desserrer les zones \u00e9troites et \u00e0 rendre la r\u00e9cup\u00e9ration plus rapide et plus facile. Demandez un rendez-vous \u00e0 la clinique de physioth\u00e9rapie d&rsquo;anatomie d\u00e8s aujourd&rsquo;hui pour savoir si la&hellip; <a class=\"more-link\" href=\"https:\/\/anatomyphysioclinic.com\/fr\/massotherapie\/\">Continue reading <span class=\"screen-reader-text\">Massoth\u00e9rapie<\/span><\/a><\/p>\n","protected":false},"author":1,"featured_media":219099,"parent":0,"menu_order":0,"comment_status":"closed","ping_status":"closed","template":"template\/page-parent.php","meta":{"_acf_changed":false,"footnotes":""},"class_list":["post-219098","page","type-page","status-publish","has-post-thumbnail","hentry","entry"],"acf":[],"yoast_head":"<!-- This site is optimized with the Yoast SEO plugin v27.4 - https:\/\/yoast.com\/product\/yoast-seo-wordpress\/ -->\n<title>Massage Therapy Ottawa, ON - Anatomy Physiotherapy<\/title>\n<meta name=\"robots\" content=\"index, follow, max-snippet:-1, max-image-preview:large, max-video-preview:-1\" \/>\n<link rel=\"canonical\" href=\"https:\/\/anatomyphysioclinic.com\/fr\/massotherapie\/\" \/>\n<meta property=\"og:locale\" content=\"fr_FR\" \/>\n<meta property=\"og:type\" content=\"article\" \/>\n<meta property=\"og:title\" content=\"Massage Therapy Ottawa, ON - Anatomy Physiotherapy\" \/>\n<meta property=\"og:description\" content=\"Qu&rsquo;est-ce que la massoth\u00e9rapie? La massoth\u00e9rapie est couramment utilis\u00e9e pour aider ceux dont les muscles peuvent avoir connu de longues p\u00e9riodes de surutilisation. Il aide \u00e0 desserrer les zones \u00e9troites et \u00e0 rendre la r\u00e9cup\u00e9ration plus rapide et plus facile. Demandez un rendez-vous \u00e0 la clinique de physioth\u00e9rapie d&rsquo;anatomie d\u00e8s aujourd&rsquo;hui pour savoir si la&hellip; Continue reading Massoth\u00e9rapie\" \/>\n<meta property=\"og:url\" content=\"https:\/\/anatomyphysioclinic.com\/fr\/massotherapie\/\" \/>\n<meta property=\"og:site_name\" content=\"Anatomy Physiotherapy\" \/>\n<meta property=\"article:modified_time\" content=\"2024-08-16T18:34:31+00:00\" \/>\n<meta property=\"og:image\" content=\"https:\/\/anatomyphysioclinic.com\/wp-content\/uploads\/2020\/12\/massage-therapy-0210-1280x500-1.jpg\" \/>\n\t<meta property=\"og:image:width\" content=\"1280\" \/>\n\t<meta property=\"og:image:height\" content=\"500\" \/>\n\t<meta property=\"og:image:type\" content=\"image\/jpeg\" \/>\n<meta name=\"twitter:card\" content=\"summary_large_image\" \/>\n<meta name=\"twitter:label1\" content=\"Est. reading time\" \/>\n\t<meta name=\"twitter:data1\" content=\"2 minutes\" \/>\n<script type=\"application\/ld+json\" class=\"yoast-schema-graph\">{\"@context\":\"https:\\\/\\\/schema.org\",\"@graph\":[{\"@type\":\"WebPage\",\"@id\":\"https:\\\/\\\/anatomyphysioclinic.com\\\/fr\\\/massotherapie\\\/\",\"url\":\"https:\\\/\\\/anatomyphysioclinic.com\\\/fr\\\/massotherapie\\\/\",\"name\":\"Massage Therapy Ottawa, ON - Anatomy Physiotherapy\",\"isPartOf\":{\"@id\":\"https:\\\/\\\/anatomyphysioclinic.com\\\/fr\\\/#website\"},\"primaryImageOfPage\":{\"@id\":\"https:\\\/\\\/anatomyphysioclinic.com\\\/fr\\\/massotherapie\\\/#primaryimage\"},\"image\":{\"@id\":\"https:\\\/\\\/anatomyphysioclinic.com\\\/fr\\\/massotherapie\\\/#primaryimage\"},\"thumbnailUrl\":\"https:\\\/\\\/anatomyphysioclinic.com\\\/wp-content\\\/uploads\\\/2020\\\/12\\\/massage-therapy-0210-1280x500-1.jpg\",\"datePublished\":\"2020-12-14T09:54:47+00:00\",\"dateModified\":\"2024-08-16T18:34:31+00:00\",\"breadcrumb\":{\"@id\":\"https:\\\/\\\/anatomyphysioclinic.com\\\/fr\\\/massotherapie\\\/#breadcrumb\"},\"inLanguage\":\"fr-FR\",\"potentialAction\":[{\"@type\":\"ReadAction\",\"target\":[\"https:\\\/\\\/anatomyphysioclinic.com\\\/fr\\\/massotherapie\\\/\"]}]},{\"@type\":\"ImageObject\",\"inLanguage\":\"fr-FR\",\"@id\":\"https:\\\/\\\/anatomyphysioclinic.com\\\/fr\\\/massotherapie\\\/#primaryimage\",\"url\":\"https:\\\/\\\/anatomyphysioclinic.com\\\/wp-content\\\/uploads\\\/2020\\\/12\\\/massage-therapy-0210-1280x500-1.jpg\",\"contentUrl\":\"https:\\\/\\\/anatomyphysioclinic.com\\\/wp-content\\\/uploads\\\/2020\\\/12\\\/massage-therapy-0210-1280x500-1.jpg\",\"width\":1280,\"height\":500},{\"@type\":\"BreadcrumbList\",\"@id\":\"https:\\\/\\\/anatomyphysioclinic.com\\\/fr\\\/massotherapie\\\/#breadcrumb\",\"itemListElement\":[{\"@type\":\"ListItem\",\"position\":1,\"name\":\"Home\",\"item\":\"https:\\\/\\\/anatomyphysioclinic.com\\\/fr\\\/\"},{\"@type\":\"ListItem\",\"position\":2,\"name\":\"Massoth\u00e9rapie\"}]},{\"@type\":\"WebSite\",\"@id\":\"https:\\\/\\\/anatomyphysioclinic.com\\\/fr\\\/#website\",\"url\":\"https:\\\/\\\/anatomyphysioclinic.com\\\/fr\\\/\",\"name\":\"Anatomy Physiotherapy\",\"description\":\"\",\"publisher\":{\"@id\":\"https:\\\/\\\/anatomyphysioclinic.com\\\/fr\\\/#organization\"},\"potentialAction\":[{\"@type\":\"SearchAction\",\"target\":{\"@type\":\"EntryPoint\",\"urlTemplate\":\"https:\\\/\\\/anatomyphysioclinic.com\\\/fr\\\/?s={search_term_string}\"},\"query-input\":{\"@type\":\"PropertyValueSpecification\",\"valueRequired\":true,\"valueName\":\"search_term_string\"}}],\"inLanguage\":\"fr-FR\"},{\"@type\":\"Organization\",\"@id\":\"https:\\\/\\\/anatomyphysioclinic.com\\\/fr\\\/#organization\",\"name\":\"Anatomy Physiotherapy\",\"url\":\"https:\\\/\\\/anatomyphysioclinic.com\\\/fr\\\/\",\"logo\":{\"@type\":\"ImageObject\",\"inLanguage\":\"fr-FR\",\"@id\":\"https:\\\/\\\/anatomyphysioclinic.com\\\/fr\\\/#\\\/schema\\\/logo\\\/image\\\/\",\"url\":\"https:\\\/\\\/anatomyphysioclinic.com\\\/wp-content\\\/uploads\\\/2024\\\/08\\\/Anatomy-Physiotherapy-Clinic-Logo-3.png\",\"contentUrl\":\"https:\\\/\\\/anatomyphysioclinic.com\\\/wp-content\\\/uploads\\\/2024\\\/08\\\/Anatomy-Physiotherapy-Clinic-Logo-3.png\",\"width\":400,\"height\":102,\"caption\":\"Anatomy Physiotherapy\"},\"image\":{\"@id\":\"https:\\\/\\\/anatomyphysioclinic.com\\\/fr\\\/#\\\/schema\\\/logo\\\/image\\\/\"}}]}<\/script>\n<!-- \/ Yoast SEO plugin. -->","yoast_head_json":{"title":"Massage Therapy Ottawa, ON - Anatomy Physiotherapy","robots":{"index":"index","follow":"follow","max-snippet":"max-snippet:-1","max-image-preview":"max-image-preview:large","max-video-preview":"max-video-preview:-1"},"canonical":"https:\/\/anatomyphysioclinic.com\/fr\/massotherapie\/","og_locale":"fr_FR","og_type":"article","og_title":"Massage Therapy Ottawa, ON - Anatomy Physiotherapy","og_description":"Qu&rsquo;est-ce que la massoth\u00e9rapie? La massoth\u00e9rapie est couramment utilis\u00e9e pour aider ceux dont les muscles peuvent avoir connu de longues p\u00e9riodes de surutilisation. Il aide \u00e0 desserrer les zones \u00e9troites et \u00e0 rendre la r\u00e9cup\u00e9ration plus rapide et plus facile. Demandez un rendez-vous \u00e0 la clinique de physioth\u00e9rapie d&rsquo;anatomie d\u00e8s aujourd&rsquo;hui pour savoir si la&hellip; Continue reading Massoth\u00e9rapie","og_url":"https:\/\/anatomyphysioclinic.com\/fr\/massotherapie\/","og_site_name":"Anatomy Physiotherapy","article_modified_time":"2024-08-16T18:34:31+00:00","og_image":[{"width":1280,"height":500,"url":"https:\/\/anatomyphysioclinic.com\/wp-content\/uploads\/2020\/12\/massage-therapy-0210-1280x500-1.jpg","type":"image\/jpeg"}],"twitter_card":"summary_large_image","twitter_misc":{"Est. reading time":"2 minutes"},"schema":{"@context":"https:\/\/schema.org","@graph":[{"@type":"WebPage","@id":"https:\/\/anatomyphysioclinic.com\/fr\/massotherapie\/","url":"https:\/\/anatomyphysioclinic.com\/fr\/massotherapie\/","name":"Massage Therapy Ottawa, ON - Anatomy Physiotherapy","isPartOf":{"@id":"https:\/\/anatomyphysioclinic.com\/fr\/#website"},"primaryImageOfPage":{"@id":"https:\/\/anatomyphysioclinic.com\/fr\/massotherapie\/#primaryimage"},"image":{"@id":"https:\/\/anatomyphysioclinic.com\/fr\/massotherapie\/#primaryimage"},"thumbnailUrl":"https:\/\/anatomyphysioclinic.com\/wp-content\/uploads\/2020\/12\/massage-therapy-0210-1280x500-1.jpg","datePublished":"2020-12-14T09:54:47+00:00","dateModified":"2024-08-16T18:34:31+00:00","breadcrumb":{"@id":"https:\/\/anatomyphysioclinic.com\/fr\/massotherapie\/#breadcrumb"},"inLanguage":"fr-FR","potentialAction":[{"@type":"ReadAction","target":["https:\/\/anatomyphysioclinic.com\/fr\/massotherapie\/"]}]},{"@type":"ImageObject","inLanguage":"fr-FR","@id":"https:\/\/anatomyphysioclinic.com\/fr\/massotherapie\/#primaryimage","url":"https:\/\/anatomyphysioclinic.com\/wp-content\/uploads\/2020\/12\/massage-therapy-0210-1280x500-1.jpg","contentUrl":"https:\/\/anatomyphysioclinic.com\/wp-content\/uploads\/2020\/12\/massage-therapy-0210-1280x500-1.jpg","width":1280,"height":500},{"@type":"BreadcrumbList","@id":"https:\/\/anatomyphysioclinic.com\/fr\/massotherapie\/#breadcrumb","itemListElement":[{"@type":"ListItem","position":1,"name":"Home","item":"https:\/\/anatomyphysioclinic.com\/fr\/"},{"@type":"ListItem","position":2,"name":"Massoth\u00e9rapie"}]},{"@type":"WebSite","@id":"https:\/\/anatomyphysioclinic.com\/fr\/#website","url":"https:\/\/anatomyphysioclinic.com\/fr\/","name":"Anatomy Physiotherapy","description":"","publisher":{"@id":"https:\/\/anatomyphysioclinic.com\/fr\/#organization"},"potentialAction":[{"@type":"SearchAction","target":{"@type":"EntryPoint","urlTemplate":"https:\/\/anatomyphysioclinic.com\/fr\/?s={search_term_string}"},"query-input":{"@type":"PropertyValueSpecification","valueRequired":true,"valueName":"search_term_string"}}],"inLanguage":"fr-FR"},{"@type":"Organization","@id":"https:\/\/anatomyphysioclinic.com\/fr\/#organization","name":"Anatomy Physiotherapy","url":"https:\/\/anatomyphysioclinic.com\/fr\/","logo":{"@type":"ImageObject","inLanguage":"fr-FR","@id":"https:\/\/anatomyphysioclinic.com\/fr\/#\/schema\/logo\/image\/","url":"https:\/\/anatomyphysioclinic.com\/wp-content\/uploads\/2024\/08\/Anatomy-Physiotherapy-Clinic-Logo-3.png","contentUrl":"https:\/\/anatomyphysioclinic.com\/wp-content\/uploads\/2024\/08\/Anatomy-Physiotherapy-Clinic-Logo-3.png","width":400,"height":102,"caption":"Anatomy Physiotherapy"},"image":{"@id":"https:\/\/anatomyphysioclinic.com\/fr\/#\/schema\/logo\/image\/"}}]}},"_links":{"self":[{"href":"https:\/\/anatomyphysioclinic.com\/fr\/wp-json\/wp\/v2\/pages\/219098","targetHints":{"allow":["GET"]}}],"collection":[{"href":"https:\/\/anatomyphysioclinic.com\/fr\/wp-json\/wp\/v2\/pages"}],"about":[{"href":"https:\/\/anatomyphysioclinic.com\/fr\/wp-json\/wp\/v2\/types\/page"}],"author":[{"embeddable":true,"href":"https:\/\/anatomyphysioclinic.com\/fr\/wp-json\/wp\/v2\/users\/1"}],"replies":[{"embeddable":true,"href":"https:\/\/anatomyphysioclinic.com\/fr\/wp-json\/wp\/v2\/comments?post=219098"}],"version-history":[{"count":0,"href":"https:\/\/anatomyphysioclinic.com\/fr\/wp-json\/wp\/v2\/pages\/219098\/revisions"}],"wp:featuredmedia":[{"embeddable":true,"href":"https:\/\/anatomyphysioclinic.com\/fr\/wp-json\/wp\/v2\/media\/219099"}],"wp:attachment":[{"href":"https:\/\/anatomyphysioclinic.com\/fr\/wp-json\/wp\/v2\/media?parent=219098"}],"curies":[{"name":"wp","href":"https:\/\/api.w.org\/{rel}","templated":true}]}}