{"id":218970,"date":"2020-12-14T09:54:47","date_gmt":"2020-12-14T09:54:47","guid":{"rendered":"https:\/\/b9989974f8.nxcli.io\/chronic-pain-relief\/"},"modified":"2024-08-12T06:11:49","modified_gmt":"2024-08-12T10:11:49","slug":"https-anatomyphysioclinic-com-fr-ce-que-nous-traitons-la-douleur-chronique","status":"publish","type":"page","link":"https:\/\/anatomyphysioclinic.com\/fr\/https-anatomyphysioclinic-com-fr-ce-que-nous-traitons-la-douleur-chronique\/","title":{"rendered":"La douleur chronique"},"content":{"rendered":"\n<h2 class=\"wp-block-heading\">Douleur chronique qui court votre vie?<\/h2>\n\n\n\n<h3 class=\"wp-block-heading\">La physioth\u00e9rapie peut vous aider \u00e0 reprendre le contr\u00f4le de votre vie.<\/h3>\n\n\n\n<p>Avez-vous une maladie chronique qui limite votre capacit\u00e9 \u00e0 vivre confortablement? Si tel est le cas, vous n\u2019\u00eates pas seul.<\/p>\n\n\n\n<p>La douleur ne dispara\u00eet pas toujours d&rsquo;elle-m\u00eame. Pour certaines conditions sous-jacentes, la douleur peut persister pendant des jours, des semaines ou m\u00eame des mois. La douleur est consid\u00e9r\u00e9e comme chronique lorsqu&rsquo;elle persiste pendant trois mois ou plus.<\/p>\n\n\n\n<p>Si vous avez v\u00e9cu avec une douleur dont vous ne parvenez pas \u00e0 trembler, n\u2019h\u00e9sitez pas \u00e0 contacter notre bureau de physioth\u00e9rapie et de massoth\u00e9rapie d\u2019Ottawa d\u00e8s aujourd&rsquo;hui. La physioth\u00e9rapie \u00e0 Ottawa pourrait \u00eatre la r\u00e9ponse que vous cherchiez.<\/p>\n\n\n\n<p>\u00c0 la clinique de physioth\u00e9rapie d&rsquo;anatomie, nos m\u00e9thodes de traitement avanc\u00e9es peuvent vous aider \u00e0 trouver un soulagement le plus rapidement possible. Nous allons vous mettre en place avec un plan de traitement qui g\u00e9rera votre douleur chronique de la bonne mani\u00e8re &#8211; sans l&rsquo;utilisation de m\u00e9dicaments nocifs<\/p>\n\n\n\n<h2 class=\"wp-block-heading\">Douleur chronique vs aigu\u00eb<\/h2>\n\n\n\n<p>La douleur chronique est un inconfort constant qui dure 3 \u00e0 6 mois ou plus. Il y a plusieurs raisons pour lesquelles les gens peuvent ressentir des douleurs chroniques, et c&rsquo;est la raison la plus courante pour demander de l&rsquo;aide m\u00e9dicale.<\/p>\n\n\n\n<p>La douleur aigu\u00eb peut \u00eatre d\u00e9finie comme une douleur qui dispara\u00eet d&rsquo;elle-m\u00eame en quelques heures, jours ou semaines. Un exemple de douleur aigu\u00eb peut \u00eatre une entorse mineure de la cheville, car la douleur s&rsquo;att\u00e9nuera sous peu en quelques jours.<\/p>\n\n\n\n<p>Cela peut nuire consid\u00e9rablement \u00e0 votre qualit\u00e9 de vie en limitant votre mobilit\u00e9, en cr\u00e9ant une d\u00e9pendance aux m\u00e9dicaments sur ordonnance ou m\u00eame en provoquant de l&rsquo;anxi\u00e9t\u00e9 et de la d\u00e9pression. Cependant, tout cela peut \u00eatre \u00e9vit\u00e9 avec l&rsquo;aide de la physioth\u00e9rapie et de la massoth\u00e9rapie.<\/p>\n\n\n\n<h2 class=\"wp-block-heading\">Causes courantes de douleur chronique<\/h2>\n\n\n\n<p>Les blessures chroniques, la maladie, l&rsquo;anxi\u00e9t\u00e9 et le sentiment de d\u00e9pression sont autant de choses qui peuvent s&rsquo;entrem\u00ealer dans un r\u00e9seau complexe et conduire votre syst\u00e8me neurologique \u00e0 \u00eatre toujours en \u00e9tat d&rsquo;alerte.<\/p>\n\n\n\n<p>La douleur chronique peut appara\u00eetre sous la forme de maux de dos, de douleurs articulaires, de douleurs nerveuses ou de maux de t\u00eate. La plupart des cas de douleur chronique sont d&rsquo;origine neurophysiologique. Cela se produit le plus souvent en raison de l&rsquo;une des causes suivantes:<\/p>\n\n\n\n<h3 class=\"wp-block-heading\">Maladie<\/h3>\n\n\n\n<p>Certaines maladies peuvent entra\u00eener des douleurs chroniques, notamment l&rsquo;arthrite, la fibromyalgie, la scl\u00e9rose en plaques, le zona, la neuropathie due au diab\u00e8te, etc. Ces types de maladies peuvent causer des douleurs qui peuvent \u00eatre att\u00e9nu\u00e9es voire \u00e9limin\u00e9es dans certains cas gr\u00e2ce \u00e0 des traitements de physioth\u00e9rapie et de massoth\u00e9rapie \u00e0 Ottawa.<\/p>\n\n\n\n<h3 class=\"wp-block-heading\">Surgical Operations<\/h3>\n\n\n\n<p>La r\u00e9paration chirurgicale d&rsquo;une zone du corps suffit \u00e0 corriger un probl\u00e8me structurel, mais nous compensons souvent dans nos mouvements la douleur que nous ressentons. Les interventions chirurgicales sont parfois in\u00e9vitables. Bien qu&rsquo;ils puissent \u00eatre n\u00e9cessaires pour soulager certaines conditions auxquelles vous faites face, la p\u00e9riode de r\u00e9cup\u00e9ration peut \u00eatre tout aussi douloureuse.<\/p>\n\n\n\n<p>Des semaines, des mois ou m\u00eame des ann\u00e9es de mouvement compensatoire provoquent souvent une douleur suppl\u00e9mentaire apr\u00e8s la chirurgie si le mouvement n&rsquo;est pas corrig\u00e9. La physioth\u00e9rapie offre des services de r\u00e9adaptation post-chirurgicale qui peuvent aider \u00e0 acc\u00e9l\u00e9rer le temps de r\u00e9cup\u00e9ration, \u00e0 soulager la douleur et \u00e0 r\u00e9duire le risque de douleur chronique \u00e0 l&rsquo;avenir.<\/p>\n\n\n\n<p>La pr\u00e9-r\u00e9adaptation, ou \u00abpr\u00e9-hab\u00bb, comme il a \u00e9t\u00e9 invent\u00e9, est \u00e9galement une option th\u00e9rapeutique qui peut s\u2019av\u00e9rer efficace pour am\u00e9liorer les r\u00e9sultats chirurgicaux d\u2019une personne. La pr\u00e9adaptation consiste \u00e0 consulter un physioth\u00e9rapeute avant de subir une intervention chirurgicale. Il peut am\u00e9liorer les r\u00e9sultats de la r\u00e9cup\u00e9ration et acc\u00e9l\u00e9rer le processus de r\u00e9cup\u00e9ration dans son ensemble.<\/p>\n\n\n\n<h3 class=\"wp-block-heading\">Blessures par surutilisation<\/h3>\n\n\n\n<p>La physioth\u00e9rapie peut vous aider \u00e0 apprendre \u00e0 bien bouger votre corps dans votre vie de tous les jours, afin d&rsquo;\u00e9viter les blessures de surutilisation.<\/p>\n\n\n\n<p>Les blessures par surutilisation sont tr\u00e8s courantes et peuvent survenir dans n&rsquo;importe quelle partie du corps qui est utilis\u00e9e de mani\u00e8re r\u00e9p\u00e9titive dans votre vie de tous les jours. Par exemple, la fa\u00e7on dont vous vous tenez debout, marchez, travaillez et faites de l&rsquo;exercice peuvent tous avoir un impact sur votre corps. Il en r\u00e9sulte des blessures de surutilisation si vous n&rsquo;utilisez pas les techniques appropri\u00e9es.<\/p>\n\n\n\n<p>Cela peut endommager vos articulations et vos muscles, provoquant ainsi une douleur chronique. Par exemple, si vous soulevez des objets lourds au travail plusieurs fois par jour, avec des techniques inappropri\u00e9es, cela peut entra\u00eener des maux de dos chroniques.<\/p>\n\n\n\n<h3 class=\"wp-block-heading\">Accidents de travail<\/h3>\n\n\n\n<p>Selon une statistique de 2016 trouv\u00e9e par l&rsquo;OSHA, les blessures au travail touchent environ 2,9 employ\u00e9s sur 100. Tout accident ou blessure que vous subissez peut entra\u00eener des douleurs chroniques, que ce soit dans une automobile, un lieu de travail ou m\u00eame chez vous.<\/p>\n\n\n\n<p>De plus, une \u00e9tude publi\u00e9e dans une revue intitul\u00e9e Pain a d\u00e9termin\u00e9 que 21% des personnes impliqu\u00e9es dans des accidents de la route d\u00e9veloppaient une douleur chronique g\u00e9n\u00e9ralis\u00e9e dans les semaines suivant leur accident. Cette douleur ne dispara\u00eet pas d&rsquo;elle-m\u00eame, mais demander l&rsquo;aide d&rsquo;un physioth\u00e9rapeute d&rsquo;Ottawa peut aider \u00e0 la soulager.<\/p>\n\n\n\n<h2 class=\"wp-block-heading\">Comment la physioth\u00e9rapie et la massoth\u00e9rapie peuvent aider votre douleur chronique<\/h2>\n\n\n\n<p>Il est facile de penser que la physioth\u00e9rapie et la massoth\u00e9rapie peuvent repr\u00e9senter plus de travail qu\u2019elles ne valent la peine, surtout si vous n\u2019avez jamais entendu parler de traitement. Cependant, la physioth\u00e9rapie et la massoth\u00e9rapie peuvent souvent faire la diff\u00e9rence entre une vie de douleur et le contr\u00f4le de votre vie!<\/p>\n\n\n\n<p>Si votre condition pose des limites \u00e0 votre vie, nos physioth\u00e9rapeutes d&rsquo;Ottawa ou nos massoth\u00e9rapeutes agr\u00e9\u00e9s peuvent \u00e9valuer les meilleures fa\u00e7ons de les g\u00e9rer. L&rsquo;un des principaux objectifs de la physioth\u00e9rapie et de la massoth\u00e9rapie est le soulagement de la douleur et la d\u00e9couverte de la cause premi\u00e8re de la douleur pour la traiter, plut\u00f4t que de masquer les sympt\u00f4mes avec des m\u00e9dicaments.<\/p>\n\n\n\n<p>\u00c0 la clinique de physioth\u00e9rapie d&rsquo;anatomie, nous effectuons des \u00e9valuations physiques pour analyser les zones faibles du corps, nous concentrer sur les endroits o\u00f9 l&rsquo;amplitude de mouvement est limit\u00e9e et rechercher tout d\u00e9s\u00e9quilibre dans la d\u00e9marche ou la position debout. Tout cela aide \u00e0 identifier les causes sous-jacentes de votre douleur chronique.<\/p>\n\n\n\n<p>Une fois l&rsquo;\u00e9valuation termin\u00e9e, un physioth\u00e9rapeute cr\u00e9era un plan de traitement unique \u00e0 vos besoins sp\u00e9cifiques. Votre plan de traitement comprendra des traitements en clinique, ainsi qu&rsquo;un programme \u00e0 domicile pour vous assurer de rester en sant\u00e9 et actif en tout temps.<\/p>\n\n\n\n<p>Les plans de traitement comprendront probablement \u00e9galement des techniques de th\u00e9rapie manuelle sp\u00e9cialis\u00e9es et apaisantes pour aider \u00e0 restaurer les tissus mous et les mouvements articulaires, des modalit\u00e9s de soulagement de la douleur et des exercices cibl\u00e9s doux pour am\u00e9liorer votre force.<\/p>\n\n\n\n<p>Il n&rsquo;y a aucune raison de craindre la physioth\u00e9rapie et la massoth\u00e9rapie. Vous avez tant \u00e0 gagner du traitement, alors qu&rsquo;est-ce qui vous retient?<\/p>\n\n\n\n<h2 class=\"wp-block-heading\">Pr\u00eat \u00e0 reprendre votre vie?<\/h2>\n\n\n\n<p>Nos physioth\u00e9rapeutes ou massoth\u00e9rapeutes agr\u00e9\u00e9s sont des experts du mouvement hautement qualifi\u00e9s qui diagnostiquent les probl\u00e8mes physiques et traitent les causes structurelles sous-jacentes entourant ces probl\u00e8mes.<\/p>\n\n\n\n<p>\u00cates-vous pr\u00eat \u00e0 reprendre votre vie? Si tel est le cas, demandez un rendez-vous avec la clinique de physioth\u00e9rapie d&rsquo;anatomie aujourd&rsquo;hui. Nous vous aiderons \u00e0 vaincre votre douleur chronique afin que vous puissiez reprendre une vie confortable.<\/p>\n\n\n<div class=\"acf-sourcelink-block custom-bullet\"><h6>Sources:<\/h6><ul class=\"acf-sourcelink-list\"><li class=\"acf-sourcelink-item\"><a rel=\"noreferrer\" href=\"https:\/\/www.cdc.gov\/mmwr\/volumes\/67\/wr\/mm6736a2.htm\" target=\"_blank\">https:\/\/www.cdc.gov\/mmwr\/volumes\/67\/wr\/mm6736a2.htm<\/a><\/li><li class=\"acf-sourcelink-item\"><a rel=\"noreferrer\" href=\"https:\/\/www.osha.gov\/oshstats\/commonstats.html\" target=\"_blank\">https:\/\/www.osha.gov\/oshstats\/commonstats.html<\/a><\/li><\/ul><\/div>","protected":false},"excerpt":{"rendered":"<p>Douleur chronique qui court votre vie? La physioth\u00e9rapie peut vous aider \u00e0 reprendre le contr\u00f4le de votre vie. Avez-vous une maladie chronique qui limite votre capacit\u00e9 \u00e0 vivre confortablement? Si tel est le cas, vous n\u2019\u00eates pas seul. La douleur ne dispara\u00eet pas toujours d&rsquo;elle-m\u00eame. Pour certaines conditions sous-jacentes, la douleur peut persister pendant des&hellip; <a class=\"more-link\" href=\"https:\/\/anatomyphysioclinic.com\/fr\/https-anatomyphysioclinic-com-fr-ce-que-nous-traitons-la-douleur-chronique\/\">Continue reading <span class=\"screen-reader-text\">La douleur chronique<\/span><\/a><\/p>\n","protected":false},"author":1,"featured_media":218971,"parent":0,"menu_order":0,"comment_status":"closed","ping_status":"closed","template":"","meta":{"_acf_changed":false,"footnotes":""},"class_list":["post-218970","page","type-page","status-publish","has-post-thumbnail","hentry","entry"],"acf":[],"yoast_head":"<!-- This site is optimized with the Yoast SEO plugin v27.5 - https:\/\/yoast.com\/product\/yoast-seo-wordpress\/ -->\n<title>Chronic Pain Relief Ottawa, ON - Anatomy Physiotherapy<\/title>\n<meta name=\"description\" content=\"Find chronic pain relief at Anatomy Physiotherapy and regain strength and function. Request an appointment today to learn more!\" \/>\n<meta name=\"robots\" content=\"index, follow, max-snippet:-1, max-image-preview:large, max-video-preview:-1\" \/>\n<link rel=\"canonical\" href=\"https:\/\/anatomyphysioclinic.com\/fr\/https-anatomyphysioclinic-com-fr-ce-que-nous-traitons-la-douleur-chronique\/\" \/>\n<meta property=\"og:locale\" content=\"fr_FR\" \/>\n<meta property=\"og:type\" content=\"article\" \/>\n<meta property=\"og:title\" content=\"Chronic Pain Relief Ottawa, ON - Anatomy Physiotherapy\" \/>\n<meta property=\"og:description\" content=\"Find chronic pain relief at Anatomy Physiotherapy and regain strength and function. Request an appointment today to learn more!\" \/>\n<meta property=\"og:url\" content=\"https:\/\/anatomyphysioclinic.com\/fr\/https-anatomyphysioclinic-com-fr-ce-que-nous-traitons-la-douleur-chronique\/\" \/>\n<meta property=\"og:site_name\" content=\"Anatomy Physiotherapy\" \/>\n<meta property=\"article:modified_time\" content=\"2024-08-12T10:11:49+00:00\" \/>\n<meta property=\"og:image\" content=\"https:\/\/anatomyphysioclinic.com\/wp-content\/uploads\/2020\/12\/chronic-pain-1280x500-2.jpg\" \/>\n\t<meta property=\"og:image:width\" content=\"1280\" \/>\n\t<meta property=\"og:image:height\" content=\"500\" \/>\n\t<meta property=\"og:image:type\" content=\"image\/jpeg\" \/>\n<meta name=\"twitter:card\" content=\"summary_large_image\" \/>\n<meta name=\"twitter:label1\" content=\"Est. reading time\" \/>\n\t<meta name=\"twitter:data1\" content=\"6 minutes\" \/>\n<script type=\"application\/ld+json\" class=\"yoast-schema-graph\">{\"@context\":\"https:\\\/\\\/schema.org\",\"@graph\":[{\"@type\":\"WebPage\",\"@id\":\"https:\\\/\\\/anatomyphysioclinic.com\\\/fr\\\/https-anatomyphysioclinic-com-fr-ce-que-nous-traitons-la-douleur-chronique\\\/\",\"url\":\"https:\\\/\\\/anatomyphysioclinic.com\\\/fr\\\/https-anatomyphysioclinic-com-fr-ce-que-nous-traitons-la-douleur-chronique\\\/\",\"name\":\"Chronic Pain Relief Ottawa, ON - Anatomy Physiotherapy\",\"isPartOf\":{\"@id\":\"https:\\\/\\\/anatomyphysioclinic.com\\\/fr\\\/#website\"},\"primaryImageOfPage\":{\"@id\":\"https:\\\/\\\/anatomyphysioclinic.com\\\/fr\\\/https-anatomyphysioclinic-com-fr-ce-que-nous-traitons-la-douleur-chronique\\\/#primaryimage\"},\"image\":{\"@id\":\"https:\\\/\\\/anatomyphysioclinic.com\\\/fr\\\/https-anatomyphysioclinic-com-fr-ce-que-nous-traitons-la-douleur-chronique\\\/#primaryimage\"},\"thumbnailUrl\":\"https:\\\/\\\/anatomyphysioclinic.com\\\/wp-content\\\/uploads\\\/2020\\\/12\\\/chronic-pain-1280x500-2.jpg\",\"datePublished\":\"2020-12-14T09:54:47+00:00\",\"dateModified\":\"2024-08-12T10:11:49+00:00\",\"description\":\"Find chronic pain relief at Anatomy Physiotherapy and regain strength and function. Request an appointment today to learn more!\",\"breadcrumb\":{\"@id\":\"https:\\\/\\\/anatomyphysioclinic.com\\\/fr\\\/https-anatomyphysioclinic-com-fr-ce-que-nous-traitons-la-douleur-chronique\\\/#breadcrumb\"},\"inLanguage\":\"fr-FR\",\"potentialAction\":[{\"@type\":\"ReadAction\",\"target\":[\"https:\\\/\\\/anatomyphysioclinic.com\\\/fr\\\/https-anatomyphysioclinic-com-fr-ce-que-nous-traitons-la-douleur-chronique\\\/\"]}]},{\"@type\":\"ImageObject\",\"inLanguage\":\"fr-FR\",\"@id\":\"https:\\\/\\\/anatomyphysioclinic.com\\\/fr\\\/https-anatomyphysioclinic-com-fr-ce-que-nous-traitons-la-douleur-chronique\\\/#primaryimage\",\"url\":\"https:\\\/\\\/anatomyphysioclinic.com\\\/wp-content\\\/uploads\\\/2020\\\/12\\\/chronic-pain-1280x500-2.jpg\",\"contentUrl\":\"https:\\\/\\\/anatomyphysioclinic.com\\\/wp-content\\\/uploads\\\/2020\\\/12\\\/chronic-pain-1280x500-2.jpg\",\"width\":1280,\"height\":500},{\"@type\":\"BreadcrumbList\",\"@id\":\"https:\\\/\\\/anatomyphysioclinic.com\\\/fr\\\/https-anatomyphysioclinic-com-fr-ce-que-nous-traitons-la-douleur-chronique\\\/#breadcrumb\",\"itemListElement\":[{\"@type\":\"ListItem\",\"position\":1,\"name\":\"Home\",\"item\":\"https:\\\/\\\/anatomyphysioclinic.com\\\/fr\\\/\"},{\"@type\":\"ListItem\",\"position\":2,\"name\":\"La douleur chronique\"}]},{\"@type\":\"WebSite\",\"@id\":\"https:\\\/\\\/anatomyphysioclinic.com\\\/fr\\\/#website\",\"url\":\"https:\\\/\\\/anatomyphysioclinic.com\\\/fr\\\/\",\"name\":\"Anatomy Physiotherapy\",\"description\":\"\",\"publisher\":{\"@id\":\"https:\\\/\\\/anatomyphysioclinic.com\\\/fr\\\/#organization\"},\"potentialAction\":[{\"@type\":\"SearchAction\",\"target\":{\"@type\":\"EntryPoint\",\"urlTemplate\":\"https:\\\/\\\/anatomyphysioclinic.com\\\/fr\\\/?s={search_term_string}\"},\"query-input\":{\"@type\":\"PropertyValueSpecification\",\"valueRequired\":true,\"valueName\":\"search_term_string\"}}],\"inLanguage\":\"fr-FR\"},{\"@type\":\"Organization\",\"@id\":\"https:\\\/\\\/anatomyphysioclinic.com\\\/fr\\\/#organization\",\"name\":\"Anatomy Physiotherapy\",\"url\":\"https:\\\/\\\/anatomyphysioclinic.com\\\/fr\\\/\",\"logo\":{\"@type\":\"ImageObject\",\"inLanguage\":\"fr-FR\",\"@id\":\"https:\\\/\\\/anatomyphysioclinic.com\\\/fr\\\/#\\\/schema\\\/logo\\\/image\\\/\",\"url\":\"https:\\\/\\\/anatomyphysioclinic.com\\\/wp-content\\\/uploads\\\/2024\\\/08\\\/Anatomy-Physiotherapy-Clinic-Logo-3.png\",\"contentUrl\":\"https:\\\/\\\/anatomyphysioclinic.com\\\/wp-content\\\/uploads\\\/2024\\\/08\\\/Anatomy-Physiotherapy-Clinic-Logo-3.png\",\"width\":400,\"height\":102,\"caption\":\"Anatomy Physiotherapy\"},\"image\":{\"@id\":\"https:\\\/\\\/anatomyphysioclinic.com\\\/fr\\\/#\\\/schema\\\/logo\\\/image\\\/\"}}]}<\/script>\n<!-- \/ Yoast SEO plugin. -->","yoast_head_json":{"title":"Chronic Pain Relief Ottawa, ON - Anatomy Physiotherapy","description":"Find chronic pain relief at Anatomy Physiotherapy and regain strength and function. Request an appointment today to learn more!","robots":{"index":"index","follow":"follow","max-snippet":"max-snippet:-1","max-image-preview":"max-image-preview:large","max-video-preview":"max-video-preview:-1"},"canonical":"https:\/\/anatomyphysioclinic.com\/fr\/https-anatomyphysioclinic-com-fr-ce-que-nous-traitons-la-douleur-chronique\/","og_locale":"fr_FR","og_type":"article","og_title":"Chronic Pain Relief Ottawa, ON - Anatomy Physiotherapy","og_description":"Find chronic pain relief at Anatomy Physiotherapy and regain strength and function. Request an appointment today to learn more!","og_url":"https:\/\/anatomyphysioclinic.com\/fr\/https-anatomyphysioclinic-com-fr-ce-que-nous-traitons-la-douleur-chronique\/","og_site_name":"Anatomy Physiotherapy","article_modified_time":"2024-08-12T10:11:49+00:00","og_image":[{"width":1280,"height":500,"url":"https:\/\/anatomyphysioclinic.com\/wp-content\/uploads\/2020\/12\/chronic-pain-1280x500-2.jpg","type":"image\/jpeg"}],"twitter_card":"summary_large_image","twitter_misc":{"Est. reading time":"6 minutes"},"schema":{"@context":"https:\/\/schema.org","@graph":[{"@type":"WebPage","@id":"https:\/\/anatomyphysioclinic.com\/fr\/https-anatomyphysioclinic-com-fr-ce-que-nous-traitons-la-douleur-chronique\/","url":"https:\/\/anatomyphysioclinic.com\/fr\/https-anatomyphysioclinic-com-fr-ce-que-nous-traitons-la-douleur-chronique\/","name":"Chronic Pain Relief Ottawa, ON - Anatomy Physiotherapy","isPartOf":{"@id":"https:\/\/anatomyphysioclinic.com\/fr\/#website"},"primaryImageOfPage":{"@id":"https:\/\/anatomyphysioclinic.com\/fr\/https-anatomyphysioclinic-com-fr-ce-que-nous-traitons-la-douleur-chronique\/#primaryimage"},"image":{"@id":"https:\/\/anatomyphysioclinic.com\/fr\/https-anatomyphysioclinic-com-fr-ce-que-nous-traitons-la-douleur-chronique\/#primaryimage"},"thumbnailUrl":"https:\/\/anatomyphysioclinic.com\/wp-content\/uploads\/2020\/12\/chronic-pain-1280x500-2.jpg","datePublished":"2020-12-14T09:54:47+00:00","dateModified":"2024-08-12T10:11:49+00:00","description":"Find chronic pain relief at Anatomy Physiotherapy and regain strength and function. Request an appointment today to learn more!","breadcrumb":{"@id":"https:\/\/anatomyphysioclinic.com\/fr\/https-anatomyphysioclinic-com-fr-ce-que-nous-traitons-la-douleur-chronique\/#breadcrumb"},"inLanguage":"fr-FR","potentialAction":[{"@type":"ReadAction","target":["https:\/\/anatomyphysioclinic.com\/fr\/https-anatomyphysioclinic-com-fr-ce-que-nous-traitons-la-douleur-chronique\/"]}]},{"@type":"ImageObject","inLanguage":"fr-FR","@id":"https:\/\/anatomyphysioclinic.com\/fr\/https-anatomyphysioclinic-com-fr-ce-que-nous-traitons-la-douleur-chronique\/#primaryimage","url":"https:\/\/anatomyphysioclinic.com\/wp-content\/uploads\/2020\/12\/chronic-pain-1280x500-2.jpg","contentUrl":"https:\/\/anatomyphysioclinic.com\/wp-content\/uploads\/2020\/12\/chronic-pain-1280x500-2.jpg","width":1280,"height":500},{"@type":"BreadcrumbList","@id":"https:\/\/anatomyphysioclinic.com\/fr\/https-anatomyphysioclinic-com-fr-ce-que-nous-traitons-la-douleur-chronique\/#breadcrumb","itemListElement":[{"@type":"ListItem","position":1,"name":"Home","item":"https:\/\/anatomyphysioclinic.com\/fr\/"},{"@type":"ListItem","position":2,"name":"La douleur chronique"}]},{"@type":"WebSite","@id":"https:\/\/anatomyphysioclinic.com\/fr\/#website","url":"https:\/\/anatomyphysioclinic.com\/fr\/","name":"Anatomy Physiotherapy","description":"","publisher":{"@id":"https:\/\/anatomyphysioclinic.com\/fr\/#organization"},"potentialAction":[{"@type":"SearchAction","target":{"@type":"EntryPoint","urlTemplate":"https:\/\/anatomyphysioclinic.com\/fr\/?s={search_term_string}"},"query-input":{"@type":"PropertyValueSpecification","valueRequired":true,"valueName":"search_term_string"}}],"inLanguage":"fr-FR"},{"@type":"Organization","@id":"https:\/\/anatomyphysioclinic.com\/fr\/#organization","name":"Anatomy Physiotherapy","url":"https:\/\/anatomyphysioclinic.com\/fr\/","logo":{"@type":"ImageObject","inLanguage":"fr-FR","@id":"https:\/\/anatomyphysioclinic.com\/fr\/#\/schema\/logo\/image\/","url":"https:\/\/anatomyphysioclinic.com\/wp-content\/uploads\/2024\/08\/Anatomy-Physiotherapy-Clinic-Logo-3.png","contentUrl":"https:\/\/anatomyphysioclinic.com\/wp-content\/uploads\/2024\/08\/Anatomy-Physiotherapy-Clinic-Logo-3.png","width":400,"height":102,"caption":"Anatomy Physiotherapy"},"image":{"@id":"https:\/\/anatomyphysioclinic.com\/fr\/#\/schema\/logo\/image\/"}}]}},"_links":{"self":[{"href":"https:\/\/anatomyphysioclinic.com\/fr\/wp-json\/wp\/v2\/pages\/218970","targetHints":{"allow":["GET"]}}],"collection":[{"href":"https:\/\/anatomyphysioclinic.com\/fr\/wp-json\/wp\/v2\/pages"}],"about":[{"href":"https:\/\/anatomyphysioclinic.com\/fr\/wp-json\/wp\/v2\/types\/page"}],"author":[{"embeddable":true,"href":"https:\/\/anatomyphysioclinic.com\/fr\/wp-json\/wp\/v2\/users\/1"}],"replies":[{"embeddable":true,"href":"https:\/\/anatomyphysioclinic.com\/fr\/wp-json\/wp\/v2\/comments?post=218970"}],"version-history":[{"count":0,"href":"https:\/\/anatomyphysioclinic.com\/fr\/wp-json\/wp\/v2\/pages\/218970\/revisions"}],"wp:featuredmedia":[{"embeddable":true,"href":"https:\/\/anatomyphysioclinic.com\/fr\/wp-json\/wp\/v2\/media\/218971"}],"wp:attachment":[{"href":"https:\/\/anatomyphysioclinic.com\/fr\/wp-json\/wp\/v2\/media?parent=218970"}],"curies":[{"name":"wp","href":"https:\/\/api.w.org\/{rel}","templated":true}]}}